{"id":32142,"date":"2023-06-19T10:51:04","date_gmt":"2023-06-19T10:51:04","guid":{"rendered":"http:\/\/mediumpurple-chough-914148.hostingersite.com\/?page_id=32142"},"modified":"2023-08-02T09:10:37","modified_gmt":"2023-08-02T08:10:37","slug":"blog","status":"publish","type":"page","link":"https:\/\/aleixcomas.com\/ca\/blog\/","title":{"rendered":"Blog"},"content":{"rendered":"<div data-elementor-type=\"wp-page\" data-elementor-id=\"32142\" class=\"elementor elementor-32142\" data-elementor-post-type=\"page\">\n\t\t\t\t\t\t<section class=\"elementor-section elementor-top-section elementor-element elementor-element-e0d3ff8 elementor-section-height-min-height elementor-section-boxed elementor-section-height-default elementor-section-items-middle\" data-id=\"e0d3ff8\" data-element_type=\"section\" data-e-type=\"section\" data-settings=\"{&quot;background_background&quot;:&quot;classic&quot;}\">\n\t\t\t\t\t\t<div class=\"elementor-container elementor-column-gap-default\">\n\t\t\t\t\t<div class=\"elementor-column elementor-col-100 elementor-top-column elementor-element elementor-element-71449594\" data-id=\"71449594\" data-element_type=\"column\" data-e-type=\"column\">\n\t\t\t<div class=\"elementor-widget-wrap elementor-element-populated\">\n\t\t\t\t\t\t<div class=\"elementor-element elementor-element-52f38553 animated-fast elementor-invisible elementor-widget elementor-widget-heading\" data-id=\"52f38553\" data-element_type=\"widget\" data-e-type=\"widget\" data-settings=\"{&quot;_animation&quot;:&quot;fadeIn&quot;}\" data-widget_type=\"heading.default\">\n\t\t\t\t<div class=\"elementor-widget-container\">\n\t\t\t\t\t<h1 class=\"elementor-heading-title elementor-size-default\">blog<\/h1>\t\t\t\t<\/div>\n\t\t\t\t<\/div>\n\t\t\t\t\t<\/div>\n\t\t<\/div>\n\t\t\t\t\t<\/div>\n\t\t<\/section>\n\t\t\t\t<section class=\"elementor-section elementor-top-section elementor-element elementor-element-3556b53 elementor-section-boxed elementor-section-height-default elementor-section-height-default\" data-id=\"3556b53\" data-element_type=\"section\" data-e-type=\"section\">\n\t\t\t\t\t\t<div class=\"elementor-container elementor-column-gap-default\">\n\t\t\t\t\t<div class=\"elementor-column elementor-col-100 elementor-top-column elementor-element elementor-element-a57d472\" data-id=\"a57d472\" data-element_type=\"column\" data-e-type=\"column\">\n\t\t\t<div class=\"elementor-widget-wrap elementor-element-populated\">\n\t\t\t\t\t\t<div class=\"elementor-element elementor-element-cc1da0a elementor-grid-3 elementor-grid-tablet-2 elementor-grid-mobile-1 elementor-posts--thumbnail-top elementor-widget elementor-widget-posts\" data-id=\"cc1da0a\" data-element_type=\"widget\" data-e-type=\"widget\" data-settings=\"{&quot;pagination_type&quot;:&quot;numbers_and_prev_next&quot;,&quot;classic_columns&quot;:&quot;3&quot;,&quot;classic_columns_tablet&quot;:&quot;2&quot;,&quot;classic_columns_mobile&quot;:&quot;1&quot;,&quot;classic_row_gap&quot;:{&quot;unit&quot;:&quot;px&quot;,&quot;size&quot;:35,&quot;sizes&quot;:[]},&quot;classic_row_gap_tablet&quot;:{&quot;unit&quot;:&quot;px&quot;,&quot;size&quot;:&quot;&quot;,&quot;sizes&quot;:[]},&quot;classic_row_gap_mobile&quot;:{&quot;unit&quot;:&quot;px&quot;,&quot;size&quot;:&quot;&quot;,&quot;sizes&quot;:[]}}\" data-widget_type=\"posts.classic\">\n\t\t\t\t<div class=\"elementor-widget-container\">\n\t\t\t\t\t\t\t<div class=\"elementor-posts-container elementor-posts elementor-posts--skin-classic elementor-grid\" role=\"list\">\n\t\t\t\t<article class=\"elementor-post elementor-grid-item post-33705 post type-post status-publish format-standard has-post-thumbnail hentry category-ansiedad tag-ansiedad tag-estrategias-eficaces tag-tratamiento-psicologico\" role=\"listitem\">\n\t\t\t\t<a class=\"elementor-post__thumbnail__link\" href=\"https:\/\/aleixcomas.com\/ca\/tractament-psicologic-per-a-lansietat\/\" tabindex=\"-1\">\n\t\t\t<div class=\"elementor-post__thumbnail\"><img fetchpriority=\"high\" decoding=\"async\" width=\"300\" height=\"261\" src=\"https:\/\/aleixcomas.com\/wp-content\/uploads\/2024\/07\/foto-mans-300x261.png\" class=\"attachment-medium size-medium wp-image-33711\" alt=\"\" srcset=\"https:\/\/aleixcomas.com\/wp-content\/uploads\/2024\/07\/foto-mans-300x261.png 300w, https:\/\/aleixcomas.com\/wp-content\/uploads\/2024\/07\/foto-mans-1024x891.png 1024w, https:\/\/aleixcomas.com\/wp-content\/uploads\/2024\/07\/foto-mans-768x668.png 768w, https:\/\/aleixcomas.com\/wp-content\/uploads\/2024\/07\/foto-mans-14x12.png 14w, https:\/\/aleixcomas.com\/wp-content\/uploads\/2024\/07\/foto-mans-600x522.png 600w, https:\/\/aleixcomas.com\/wp-content\/uploads\/2024\/07\/foto-mans.png 1280w\" sizes=\"(max-width: 300px) 100vw, 300px\" \/><\/div>\n\t\t<\/a>\n\t\t\t\t<div class=\"elementor-post__text\">\n\t\t\t\t<h3 class=\"elementor-post__title\">\n\t\t\t<a href=\"https:\/\/aleixcomas.com\/ca\/tractament-psicologic-per-a-lansietat\/\">\n\t\t\t\tTractament psicol\u00f2gic per a l&#039;Ansietat: Estrat\u00e8gies eficaces i enfocaments comprovats el 2024\t\t\t<\/a>\n\t\t<\/h3>\n\t\t\t\t<div class=\"elementor-post__excerpt\">\n\t\t\t<p>Introducci\u00f3 L&#039;ansietat \u00e9s una resposta natural del cos a l&#039;estr\u00e8s, per\u00f2 quan es torna constant i aclaparadora pot interferir significativament amb la vida di\u00e0ria.<\/p>\n\t\t<\/div>\n\t\t\n\t\t<a class=\"elementor-post__read-more\" href=\"https:\/\/aleixcomas.com\/ca\/tractament-psicologic-per-a-lansietat\/\" aria-label=\"Read more about Tractament psicol\u00f2gic per a l&#039;Ansietat: Estrat\u00e8gies eficaces i enfocaments comprovats el 2024\" tabindex=\"-1\">\n\t\t\tLlegir m\u00e9s \u00bb\t\t<\/a>\n\n\t\t\t\t<\/div>\n\t\t\t\t<\/article>\n\t\t\t\t<article class=\"elementor-post elementor-grid-item post-33677 post type-post status-publish format-standard has-post-thumbnail hentry category-uncategorized\" role=\"listitem\">\n\t\t\t\t<a class=\"elementor-post__thumbnail__link\" href=\"https:\/\/aleixcomas.com\/ca\/ansietat-com-gestionar-la\/\" tabindex=\"-1\">\n\t\t\t<div class=\"elementor-post__thumbnail\"><img decoding=\"async\" width=\"300\" height=\"182\" src=\"https:\/\/aleixcomas.com\/wp-content\/uploads\/2024\/07\/La-ansiedad-como-gestionarla-300x182.png\" class=\"attachment-medium size-medium wp-image-33679\" alt=\"L&#039;ansietat com gestionar-la\" srcset=\"https:\/\/aleixcomas.com\/wp-content\/uploads\/2024\/07\/La-ansiedad-como-gestionarla-300x182.png 300w, https:\/\/aleixcomas.com\/wp-content\/uploads\/2024\/07\/La-ansiedad-como-gestionarla-1024x622.png 1024w, https:\/\/aleixcomas.com\/wp-content\/uploads\/2024\/07\/La-ansiedad-como-gestionarla-768x466.png 768w, https:\/\/aleixcomas.com\/wp-content\/uploads\/2024\/07\/La-ansiedad-como-gestionarla-1536x932.png 1536w, https:\/\/aleixcomas.com\/wp-content\/uploads\/2024\/07\/La-ansiedad-como-gestionarla-18x12.png 18w, https:\/\/aleixcomas.com\/wp-content\/uploads\/2024\/07\/La-ansiedad-como-gestionarla-600x364.png 600w, https:\/\/aleixcomas.com\/wp-content\/uploads\/2024\/07\/La-ansiedad-como-gestionarla.png 1786w\" sizes=\"(max-width: 300px) 100vw, 300px\" \/><\/div>\n\t\t<\/a>\n\t\t\t\t<div class=\"elementor-post__text\">\n\t\t\t\t<h3 class=\"elementor-post__title\">\n\t\t\t<a href=\"https:\/\/aleixcomas.com\/ca\/ansietat-com-gestionar-la\/\">\n\t\t\t\tAnsietat com gestionar-la 2024\t\t\t<\/a>\n\t\t<\/h3>\n\t\t\t\t<div class=\"elementor-post__excerpt\">\n\t\t\t<p>L&#039;ansietat de com gestionar-la \u00e9s una de les preguntes m\u00e9s comunes en consultes. L&#039;Ansietat \u00e9s una resposta natural del cos davant de situacions percebudes com<\/p>\n\t\t<\/div>\n\t\t\n\t\t<a class=\"elementor-post__read-more\" href=\"https:\/\/aleixcomas.com\/ca\/ansietat-com-gestionar-la\/\" aria-label=\"Read more about Ansietat com gestionar-la 2024\" tabindex=\"-1\">\n\t\t\tLlegir m\u00e9s \u00bb\t\t<\/a>\n\n\t\t\t\t<\/div>\n\t\t\t\t<\/article>\n\t\t\t\t<article class=\"elementor-post elementor-grid-item post-33664 post type-post status-publish format-standard hentry category-uncategorized\" role=\"listitem\">\n\t\t\t\t<div class=\"elementor-post__text\">\n\t\t\t\t<h3 class=\"elementor-post__title\">\n\t\t\t<a href=\"https:\/\/aleixcomas.com\/ca\/tractament-disfuncio-erectil\/\">\n\t\t\t\tTractament disfunci\u00f3 er\u00e8ctil\t\t\t<\/a>\n\t\t<\/h3>\n\t\t\t\t<div class=\"elementor-post__excerpt\">\n\t\t\t<p>Tractament disfunci\u00f3 er\u00e8ctil El tractament de disfunci\u00f3 er\u00e8ctil \u00e9s un aspecte molt important a determinar correctament, ja que en dependr\u00e0 els resultats que obtindrem. \u00a0<\/p>\n\t\t<\/div>\n\t\t\n\t\t<a class=\"elementor-post__read-more\" href=\"https:\/\/aleixcomas.com\/ca\/tractament-disfuncio-erectil\/\" aria-label=\"Read more about Tractament disfunci\u00f3 er\u00e8ctil\" tabindex=\"-1\">\n\t\t\tLlegir m\u00e9s \u00bb\t\t<\/a>\n\n\t\t\t\t<\/div>\n\t\t\t\t<\/article>\n\t\t\t\t<article class=\"elementor-post elementor-grid-item post-33632 post type-post status-publish format-standard hentry category-uncategorized\" role=\"listitem\">\n\t\t\t\t<div class=\"elementor-post__text\">\n\t\t\t\t<h3 class=\"elementor-post__title\">\n\t\t\t<a href=\"https:\/\/aleixcomas.com\/ca\/causes-de-disfuncio-erectil\/\">\n\t\t\t\tCauses de disfunci\u00f3 er\u00e8ctil\t\t\t<\/a>\n\t\t<\/h3>\n\t\t\t\t<div class=\"elementor-post__excerpt\">\n\t\t\t<p>Causes de disfunci\u00f3 er\u00e8ctil Les causes de disfunci\u00f3 er\u00e8ctil poden ser molt variades i s\u00f3n ben conegudes pels sex\u00f2legs. En aquesta entrada anem a<\/p>\n\t\t<\/div>\n\t\t\n\t\t<a class=\"elementor-post__read-more\" href=\"https:\/\/aleixcomas.com\/ca\/causes-de-disfuncio-erectil\/\" aria-label=\"Read more about Causes de disfunci\u00f3 er\u00e8ctil\" tabindex=\"-1\">\n\t\t\tLlegir m\u00e9s \u00bb\t\t<\/a>\n\n\t\t\t\t<\/div>\n\t\t\t\t<\/article>\n\t\t\t\t<article class=\"elementor-post elementor-grid-item post-33595 post type-post status-publish format-standard hentry category-uncategorized\" role=\"listitem\">\n\t\t\t\t<div class=\"elementor-post__text\">\n\t\t\t\t<h3 class=\"elementor-post__title\">\n\t\t\t<a href=\"https:\/\/aleixcomas.com\/ca\/psicolegs-i-mutues\/\">\n\t\t\t\tEls psic\u00f2legs i les m\u00fatues\t\t\t<\/a>\n\t\t<\/h3>\n\t\t\t\t<div class=\"elementor-post__excerpt\">\n\t\t\t<p>Com accedir a un psic\u00f2leg si tinc m\u00fatua? En aquesta entrada intentar\u00e9 explicar-te el que per mi s\u00f3n els punts m\u00e9s importants a con\u00e8ixer<\/p>\n\t\t<\/div>\n\t\t\n\t\t<a class=\"elementor-post__read-more\" href=\"https:\/\/aleixcomas.com\/ca\/psicolegs-i-mutues\/\" aria-label=\"Read more about Els psic\u00f2legs i les m\u00fatues\" tabindex=\"-1\">\n\t\t\tLlegir m\u00e9s \u00bb\t\t<\/a>\n\n\t\t\t\t<\/div>\n\t\t\t\t<\/article>\n\t\t\t\t<article class=\"elementor-post elementor-grid-item post-33575 post type-post status-publish format-standard hentry category-psicologia-general category-uncategorized\" role=\"listitem\">\n\t\t\t\t<div class=\"elementor-post__text\">\n\t\t\t\t<h3 class=\"elementor-post__title\">\n\t\t\t<a href=\"https:\/\/aleixcomas.com\/ca\/psicolegs-a-terrassa\/\">\n\t\t\t\tPsic\u00f2legs a Terrassa: com triar un psic\u00f2leg\t\t\t<\/a>\n\t\t<\/h3>\n\t\t\t\t<div class=\"elementor-post__excerpt\">\n\t\t\t<p>Introducci\u00f3 a la Cerca de Psic\u00f2legs a Terrassa Benvinguts a la guia sobre la cerca de psic\u00f2legs a Terrassa. L&#039;elecci\u00f3 d&#039;un psic\u00f2leg<\/p>\n\t\t<\/div>\n\t\t\n\t\t<a class=\"elementor-post__read-more\" href=\"https:\/\/aleixcomas.com\/ca\/psicolegs-a-terrassa\/\" aria-label=\"Read more about Psic\u00f2legs a Terrassa: com triar un psic\u00f2leg\" tabindex=\"-1\">\n\t\t\tLlegir m\u00e9s \u00bb\t\t<\/a>\n\n\t\t\t\t<\/div>\n\t\t\t\t<\/article>\n\t\t\t\t<\/div>\n\t\t\n\t\t\t\t<div class=\"e-load-more-anchor\" data-page=\"1\" data-max-page=\"8\" data-next-page=\"https:\/\/aleixcomas.com\/wp-json\/wp\/v2\/pages\/32142\/page\/2\/\"><\/div>\n\t\t\t\t<nav class=\"elementor-pagination\" aria-label=\"Paginaci\u00f3\">\n\t\t\t<span class=\"page-numbers prev\">\u00ab Anterior<\/span>\n<span aria-current=\"page\" class=\"page-numbers current\"><span class=\"elementor-screen-only\">P\u00e0gina<\/span>1<\/span>\n<a class=\"page-numbers\" href=\"https:\/\/aleixcomas.com\/wp-json\/wp\/v2\/pages\/32142\/page\/2\/\"><span class=\"elementor-screen-only\">P\u00e0gina<\/span>2<\/a>\n<a class=\"page-numbers\" href=\"https:\/\/aleixcomas.com\/wp-json\/wp\/v2\/pages\/32142\/page\/3\/\"><span class=\"elementor-screen-only\">P\u00e0gina<\/span>3<\/a>\n<a class=\"page-numbers next\" href=\"https:\/\/aleixcomas.com\/wp-json\/wp\/v2\/pages\/32142\/page\/2\/\">Seg\u00fcent \u00bb<\/a>\t\t<\/nav>\n\t\t\t\t\t\t<\/div>\n\t\t\t\t<\/div>\n\t\t\t\t\t<\/div>\n\t\t<\/div>\n\t\t\t\t\t<\/div>\n\t\t<\/section>\n\t\t\t\t<\/div>","protected":false},"excerpt":{"rendered":"<p>blog<\/p>","protected":false},"author":1,"featured_media":0,"parent":0,"menu_order":0,"comment_status":"closed","ping_status":"closed","template":"","meta":{"footnotes":""},"class_list":["post-32142","page","type-page","status-publish","hentry"],"_links":{"self":[{"href":"https:\/\/aleixcomas.com\/ca\/wp-json\/wp\/v2\/pages\/32142","targetHints":{"allow":["GET"]}}],"collection":[{"href":"https:\/\/aleixcomas.com\/ca\/wp-json\/wp\/v2\/pages"}],"about":[{"href":"https:\/\/aleixcomas.com\/ca\/wp-json\/wp\/v2\/types\/page"}],"author":[{"embeddable":true,"href":"https:\/\/aleixcomas.com\/ca\/wp-json\/wp\/v2\/users\/1"}],"replies":[{"embeddable":true,"href":"https:\/\/aleixcomas.com\/ca\/wp-json\/wp\/v2\/comments?post=32142"}],"version-history":[{"count":0,"href":"https:\/\/aleixcomas.com\/ca\/wp-json\/wp\/v2\/pages\/32142\/revisions"}],"wp:attachment":[{"href":"https:\/\/aleixcomas.com\/ca\/wp-json\/wp\/v2\/media?parent=32142"}],"curies":[{"name":"wp","href":"https:\/\/api.w.org\/{rel}","templated":true}]}}